{"id":165,"date":"2026-02-23T17:33:22","date_gmt":"2026-02-23T17:33:22","guid":{"rendered":"https:\/\/smbgrup.com\/?page_id=165"},"modified":"2026-02-28T11:24:23","modified_gmt":"2026-02-28T11:24:23","slug":"hakkimizda","status":"publish","type":"page","link":"https:\/\/staging-n.smbgrup.com\/?page_id=165","title":{"rendered":"Hakk\u0131m\u0131zda"},"content":{"rendered":"\t\t<div data-elementor-type=\"wp-page\" data-elementor-id=\"165\" class=\"elementor elementor-165\">\n\t\t\t\t<div class=\"elementor-element elementor-element-b706402 e-con-full e-flex e-con e-parent\" data-id=\"b706402\" data-element_type=\"container\" data-e-type=\"container\" data-settings=\"{&quot;background_background&quot;:&quot;gradient&quot;}\">\n\t\t\t\t<div class=\"elementor-element elementor-element-1d0f103 elementor-widget elementor-widget-heading\" data-id=\"1d0f103\" data-element_type=\"widget\" data-e-type=\"widget\" data-widget_type=\"heading.default\">\n\t\t\t\t\t<h6 class=\"elementor-heading-title elementor-size-default\">HAKKIMIZDA<\/h6>\t\t\t\t<\/div>\n\t\t\t\t<div class=\"elementor-element elementor-element-b03a457 elementor-widget elementor-widget-heading\" data-id=\"b03a457\" data-element_type=\"widget\" data-e-type=\"widget\" data-widget_type=\"heading.default\">\n\t\t\t\t\t<h1 class=\"elementor-heading-title elementor-size-default\">Yar\u0131m As\u0131rl\u0131k Yolculuk<\/h1>\t\t\t\t<\/div>\n\t\t\t\t<div class=\"elementor-element elementor-element-20403b1 elementor-widget elementor-widget-text-editor\" data-id=\"20403b1\" data-element_type=\"widget\" data-e-type=\"widget\" data-widget_type=\"text-editor.default\">\n\t\t\t\t\t\t\t\t\t<p>Lorem ipsum dolor sit amet, consectetur adipiscing elit. Ut elit tellus, luctus nec ullamcorper mattis, pulvinar dapibus leo.<\/p>\t\t\t\t\t\t\t\t<\/div>\n\t\t\t\t<\/div>\n\t\t<div class=\"elementor-element elementor-element-8f384eb e-flex e-con-boxed e-con e-parent\" data-id=\"8f384eb\" data-element_type=\"container\" data-e-type=\"container\">\n\t\t\t\t\t<div class=\"e-con-inner\">\n\t\t<div class=\"elementor-element elementor-element-acfdbe9 e-con-full e-flex e-con e-child\" data-id=\"acfdbe9\" data-element_type=\"container\" data-e-type=\"container\">\n\t\t\t\t<div class=\"elementor-element elementor-element-b02d9dc elementor-widget elementor-widget-image\" data-id=\"b02d9dc\" data-element_type=\"widget\" data-e-type=\"widget\" data-widget_type=\"image.default\">\n\t\t\t\t\t\t\t\t\t\t\t\t\t\t\t<img decoding=\"async\" src=\"https:\/\/staging-n.smbgrup.com\/wp-content\/plugins\/elementor\/assets\/images\/placeholder.png\" title=\"\" alt=\"\" loading=\"lazy\" \/>\t\t\t\t\t\t\t\t\t\t\t\t\t\t\t<\/div>\n\t\t<div class=\"elementor-element elementor-element-439f704 e-con-full e-flex e-con e-child\" data-id=\"439f704\" data-element_type=\"container\" data-e-type=\"container\" data-settings=\"{&quot;background_background&quot;:&quot;classic&quot;}\">\n\t\t\t\t<div class=\"elementor-element elementor-element-056d2c2 elementor-widget elementor-widget-heading\" data-id=\"056d2c2\" data-element_type=\"widget\" data-e-type=\"widget\" data-widget_type=\"heading.default\">\n\t\t\t\t\t<h6 class=\"elementor-heading-title elementor-size-default\">Sabri G\u00fcl - Kurucu<\/h6>\t\t\t\t<\/div>\n\t\t\t\t<\/div>\n\t\t\t\t<\/div>\n\t\t<div class=\"elementor-element elementor-element-1aea2a5 e-con-full e-flex e-con e-child\" data-id=\"1aea2a5\" data-element_type=\"container\" data-e-type=\"container\">\n\t\t\t\t<div class=\"elementor-element elementor-element-8627103 elementor-widget elementor-widget-heading\" data-id=\"8627103\" data-element_type=\"widget\" data-e-type=\"widget\" data-widget_type=\"heading.default\">\n\t\t\t\t\t<h2 class=\"elementor-heading-title elementor-size-default\">Bir Yolculu\u011fun Ba\u015flang\u0131c\u0131<\/h2>\t\t\t\t<\/div>\n\t\t\t\t<div class=\"elementor-element elementor-element-f6f7448 elementor-widget elementor-widget-text-editor\" data-id=\"f6f7448\" data-element_type=\"widget\" data-e-type=\"widget\" data-widget_type=\"text-editor.default\">\n\t\t\t\t\t\t\t\t\t<p>SMB Grup\u2019un hik\u00e2yesi, 1974 y\u0131l\u0131nda Sabri G\u00fcl taraf\u0131ndan Do\u011fu Anadolu B\u00f6lgesi\u2019nde g\u0131da sat\u0131\u015f ve da\u011f\u0131t\u0131m faaliyetleri ile ba\u015flad\u0131.<\/p><p>Saha deneyimi, ticari disiplin ve g\u00fcven odakl\u0131 i\u015f anlay\u0131\u015f\u0131 ile \u015fekillenen bu giri\u015fim; k\u0131sa s\u00fcrede b\u00f6lgesel bir yap\u0131lanmadan kurumsal bir organizasyon modeline d\u00f6n\u00fc\u015fmenin ilk ad\u0131mlar\u0131n\u0131 att\u0131.<\/p><p>Kurulu\u015f y\u0131llar\u0131nda at\u0131lan planl\u0131 b\u00fcy\u00fcme ad\u0131mlar\u0131, bug\u00fcn SMB Grup\u2019un sahip oldu\u011fu operasyonel g\u00fcc\u00fcn temelini olu\u015fturdu.<\/p>\t\t\t\t\t\t\t\t<\/div>\n\t\t\t\t<\/div>\n\t\t\t\t\t<\/div>\n\t\t\t\t<\/div>\n\t\t<div class=\"elementor-element elementor-element-03ec95c e-flex e-con-boxed e-con e-parent\" data-id=\"03ec95c\" data-element_type=\"container\" data-e-type=\"container\">\n\t\t\t\t\t<div class=\"e-con-inner\">\n\t\t<div class=\"elementor-element elementor-element-18834a8f e-con-full e-flex e-con e-child\" data-id=\"18834a8f\" data-element_type=\"container\" data-e-type=\"container\">\n\t\t\t\t<div class=\"elementor-element elementor-element-2add3c1c elementor-widget elementor-widget-image\" data-id=\"2add3c1c\" data-element_type=\"widget\" data-e-type=\"widget\" data-widget_type=\"image.default\">\n\t\t\t\t\t\t\t\t\t\t\t\t\t\t\t<img decoding=\"async\" src=\"https:\/\/staging-n.smbgrup.com\/wp-content\/plugins\/elementor\/assets\/images\/placeholder.png\" title=\"\" alt=\"\" loading=\"lazy\" \/>\t\t\t\t\t\t\t\t\t\t\t\t\t\t\t<\/div>\n\t\t\t\t<\/div>\n\t\t<div class=\"elementor-element elementor-element-13167249 e-con-full e-flex e-con e-child\" data-id=\"13167249\" data-element_type=\"container\" data-e-type=\"container\">\n\t\t\t\t<div class=\"elementor-element elementor-element-7bfa25a3 elementor-widget elementor-widget-heading\" data-id=\"7bfa25a3\" data-element_type=\"widget\" data-e-type=\"widget\" data-widget_type=\"heading.default\">\n\t\t\t\t\t<h3 class=\"elementor-heading-title elementor-size-default\">1974 | Sat\u0131\u015f ve Da\u011f\u0131t\u0131m ile Ba\u015flayan Yolculuk\n<\/h3>\t\t\t\t<\/div>\n\t\t\t\t<div class=\"elementor-element elementor-element-579613ed elementor-widget elementor-widget-text-editor\" data-id=\"579613ed\" data-element_type=\"widget\" data-e-type=\"widget\" data-widget_type=\"text-editor.default\">\n\t\t\t\t\t\t\t\t\t<p>Kurulu\u015f d\u00f6neminde oda\u011f\u0131n\u0131 g\u0131da sat\u0131\u015f ve da\u011f\u0131t\u0131m faaliyetlerine y\u00f6nelten SMB Grup, saha operasyonlar\u0131 ve m\u00fc\u015fteri ili\u015fkileri y\u00f6netiminde edindi\u011fi deneyim ile b\u00f6lgesel pazarda g\u00fcvenilir bir i\u015f orta\u011f\u0131 konumuna ula\u015ft\u0131.<\/p><p>Bu d\u00f6nem, \u015firketin operasyonel disiplin ve saha y\u00f6netimi kabiliyetlerinin \u015fekillendi\u011fi temel yap\u0131 ta\u015flar\u0131n\u0131 olu\u015fturdu.<\/p>\t\t\t\t\t\t\t\t<\/div>\n\t\t\t\t<\/div>\n\t\t\t\t\t<\/div>\n\t\t\t\t<\/div>\n\t\t<div class=\"elementor-element elementor-element-126ead2 e-flex e-con-boxed e-con e-parent\" data-id=\"126ead2\" data-element_type=\"container\" data-e-type=\"container\">\n\t\t\t\t\t<div class=\"e-con-inner\">\n\t\t<div class=\"elementor-element elementor-element-8007a90 e-con-full e-flex e-con e-child\" data-id=\"8007a90\" data-element_type=\"container\" data-e-type=\"container\">\n\t\t\t\t<div class=\"elementor-element elementor-element-20fe8c17 elementor-widget elementor-widget-image\" data-id=\"20fe8c17\" data-element_type=\"widget\" data-e-type=\"widget\" data-widget_type=\"image.default\">\n\t\t\t\t\t\t\t\t\t\t\t\t\t\t\t<img decoding=\"async\" src=\"https:\/\/staging-n.smbgrup.com\/wp-content\/plugins\/elementor\/assets\/images\/placeholder.png\" title=\"\" alt=\"\" loading=\"lazy\" \/>\t\t\t\t\t\t\t\t\t\t\t\t\t\t\t<\/div>\n\t\t\t\t<\/div>\n\t\t<div class=\"elementor-element elementor-element-10cb5554 e-con-full e-flex e-con e-child\" data-id=\"10cb5554\" data-element_type=\"container\" data-e-type=\"container\">\n\t\t\t\t<div class=\"elementor-element elementor-element-78b020b5 elementor-widget elementor-widget-heading\" data-id=\"78b020b5\" data-element_type=\"widget\" data-e-type=\"widget\" data-widget_type=\"heading.default\">\n\t\t\t\t\t<h2 class=\"elementor-heading-title elementor-size-default\">1990 | \u0130stanbul Merkezli B\u00fcy\u00fcme\n<\/h2>\t\t\t\t<\/div>\n\t\t\t\t<div class=\"elementor-element elementor-element-2d21ad62 elementor-widget elementor-widget-text-editor\" data-id=\"2d21ad62\" data-element_type=\"widget\" data-e-type=\"widget\" data-widget_type=\"text-editor.default\">\n\t\t\t\t\t\t\t\t\t<p>1990 y\u0131l\u0131 itibar\u0131yla \u0130stanbul merkezli yat\u0131r\u0131mlar ile b\u00fcy\u00fcme s\u00fcreci yeni bir ivme kazand\u0131.<\/p><p>Sat\u0131\u015f ve da\u011f\u0131t\u0131m faaliyetleri yaln\u0131zca saha operasyonlar\u0131 ile s\u0131n\u0131rl\u0131 kalmad\u0131; planlama, kanal y\u00f6netimi ve organizasyonel yap\u0131lanma ile entegre bir sisteme d\u00f6n\u00fc\u015ft\u00fc.<\/p><p>Bu d\u00f6n\u00fc\u015f\u00fcm, SMB Grup\u2019un b\u00f6lgesel yap\u0131dan \u00e7ok lokasyonlu bir operasyon organizasyonuna evrilmesinde belirleyici rol oynad\u0131.<\/p>\t\t\t\t\t\t\t\t<\/div>\n\t\t\t\t<\/div>\n\t\t\t\t\t<\/div>\n\t\t\t\t<\/div>\n\t\t<div class=\"elementor-element elementor-element-57adafc e-flex e-con-boxed e-con e-parent\" data-id=\"57adafc\" data-element_type=\"container\" data-e-type=\"container\">\n\t\t\t\t\t<div class=\"e-con-inner\">\n\t\t<div class=\"elementor-element elementor-element-11a7db66 e-con-full e-flex e-con e-child\" data-id=\"11a7db66\" data-element_type=\"container\" data-e-type=\"container\">\n\t\t\t\t<div class=\"elementor-element elementor-element-3f0b379c elementor-widget elementor-widget-image\" data-id=\"3f0b379c\" data-element_type=\"widget\" data-e-type=\"widget\" data-widget_type=\"image.default\">\n\t\t\t\t\t\t\t\t\t\t\t\t\t\t\t<img decoding=\"async\" src=\"https:\/\/staging-n.smbgrup.com\/wp-content\/plugins\/elementor\/assets\/images\/placeholder.png\" title=\"\" alt=\"\" loading=\"lazy\" \/>\t\t\t\t\t\t\t\t\t\t\t\t\t\t\t<\/div>\n\t\t\t\t<\/div>\n\t\t<div class=\"elementor-element elementor-element-5c70adec e-con-full e-flex e-con e-child\" data-id=\"5c70adec\" data-element_type=\"container\" data-e-type=\"container\">\n\t\t\t\t<div class=\"elementor-element elementor-element-2d6c588c elementor-widget elementor-widget-heading\" data-id=\"2d6c588c\" data-element_type=\"widget\" data-e-type=\"widget\" data-widget_type=\"heading.default\">\n\t\t\t\t\t<h3 class=\"elementor-heading-title elementor-size-default\">2000\u2019ler | \u00c7ok Sekt\u00f6rl\u00fc Yap\u0131ya Ge\u00e7i\u015f<\/h3>\t\t\t\t<\/div>\n\t\t\t\t<div class=\"elementor-element elementor-element-1a98e3ef elementor-widget elementor-widget-text-editor\" data-id=\"1a98e3ef\" data-element_type=\"widget\" data-e-type=\"widget\" data-widget_type=\"text-editor.default\">\n\t\t\t\t\t\t\t\t\t<p>\u0130kinci ku\u015fa\u011f\u0131n kat\u0131l\u0131m\u0131 ile birlikte SMB Grup\u2019un faaliyet alanlar\u0131 geni\u015fledi; yaln\u0131zca g\u0131da sekt\u00f6r\u00fcnde de\u011fil, temizlik, ki\u015fisel bak\u0131m, otomotiv, enerji, mobilya ve tekstil alanlar\u0131nda da operasyonel yat\u0131r\u0131mlar ger\u00e7ekle\u015ftirildi.<\/p><p>Bu d\u00f6nem, \u015firketin distrib\u00fct\u00f6rl\u00fck ve kanal y\u00f6netimi kabiliyetlerinin \u00e7e\u015fitlendi\u011fi; farkl\u0131 sekt\u00f6rlerde yap\u0131lan i\u015f birlikleri ile operasyon yap\u0131s\u0131n\u0131n g\u00fc\u00e7lendi\u011fi bir d\u00f6n\u00fc\u015f\u00fcm s\u00fcreci oldu.<\/p>\t\t\t\t\t\t\t\t<\/div>\n\t\t\t\t<\/div>\n\t\t\t\t\t<\/div>\n\t\t\t\t<\/div>\n\t\t<div class=\"elementor-element elementor-element-fc373a7 e-flex e-con-boxed e-con e-parent\" data-id=\"fc373a7\" data-element_type=\"container\" data-e-type=\"container\">\n\t\t\t\t\t<div class=\"e-con-inner\">\n\t\t\t\t<div class=\"elementor-element elementor-element-0c7c664 elementor-widget elementor-widget-heading\" data-id=\"0c7c664\" data-element_type=\"widget\" data-e-type=\"widget\" data-widget_type=\"heading.default\">\n\t\t\t\t\t<h2 class=\"elementor-heading-title elementor-size-default\">T\u00fcrkiye Genelinde Yayg\u0131n Faaliyet A\u011f\u0131\n<\/h2>\t\t\t\t<\/div>\n\t\t\t\t<div class=\"elementor-element elementor-element-33535ee elementor-widget elementor-widget-text-editor\" data-id=\"33535ee\" data-element_type=\"widget\" data-e-type=\"widget\" data-widget_type=\"text-editor.default\">\n\t\t\t\t\t\t\t\t\t<p>Y\u0131llar i\u00e7inde b\u00fcy\u00fcyen operasyon yap\u0131s\u0131, SMB Grup\u2019u T\u00fcrkiye genelinde yayg\u0131n bir organizasyon a\u011f\u0131na d\u00f6n\u00fc\u015ft\u00fcrd\u00fc.<\/p><p>\u0130stanbul, \u0130zmir, Bursa, Antalya, Erzurum, Eski\u015fehir, K\u00fctahya, Manisa, Ankara, \u00c7anakkale, Tekirda\u011f, K\u0131rklareli ve Edirne ba\u015fta olmak \u00fczere bir\u00e7ok ilde faaliyet g\u00f6steren yap\u0131; planlama, sevkiyat ve saha operasyonlar\u0131n\u0131 merkezi koordinasyon ile y\u00fcr\u00fctmektedir.<\/p>\t\t\t\t\t\t\t\t<\/div>\n\t\t<div class=\"elementor-element elementor-element-9eadce6 e-con-full e-flex e-con e-child\" data-id=\"9eadce6\" data-element_type=\"container\" data-e-type=\"container\">\n\t\t\t\t<\/div>\n\t\t\t\t\t<\/div>\n\t\t\t\t<\/div>\n\t\t<div class=\"elementor-element elementor-element-552f32f e-flex e-con-boxed e-con e-parent\" data-id=\"552f32f\" data-element_type=\"container\" data-e-type=\"container\" data-settings=\"{&quot;background_background&quot;:&quot;classic&quot;}\">\n\t\t\t\t\t<div class=\"e-con-inner\">\n\t\t\t\t<div class=\"elementor-element elementor-element-c15ba93 elementor-widget elementor-widget-heading\" data-id=\"c15ba93\" data-element_type=\"widget\" data-e-type=\"widget\" data-widget_type=\"heading.default\">\n\t\t\t\t\t<h2 class=\"elementor-heading-title elementor-size-default\">Bug\u00fcn SMB Grup\n<\/h2>\t\t\t\t<\/div>\n\t\t<div class=\"elementor-element elementor-element-e291719 e-con-full e-flex e-con e-child\" data-id=\"e291719\" data-element_type=\"container\" data-e-type=\"container\">\n\t\t<div class=\"elementor-element elementor-element-b329276 e-con-full e-flex e-con e-child\" data-id=\"b329276\" data-element_type=\"container\" data-e-type=\"container\">\n\t\t\t\t<div class=\"elementor-element elementor-element-e46aca7 elementor-widget elementor-widget-text-editor\" data-id=\"e46aca7\" data-element_type=\"widget\" data-e-type=\"widget\" data-widget_type=\"text-editor.default\">\n\t\t\t\t\t\t\t\t\t<p style=\"text-align: center;\">Kurulu\u015fundan itibaren m\u00fc\u015fteri memnuniyetini s\u00fcrd\u00fcr\u00fclebilir k\u0131lmay\u0131 prensip edinen SMB Grup, hedeflerinden ve de\u011ferlerinden taviz vermeden b\u00fcy\u00fcmesini s\u00fcrd\u00fcrmektedir.<\/p><p style=\"text-align: center;\">Yap\u0131lan yat\u0131r\u0131mlar ve stratejik i\u015f birlikleri kapsam\u0131nda; Unilever, Algida, Eti, Evyap ve Mutlu Ak\u00fc markalar\u0131n\u0131n sat\u0131\u015f ve da\u011f\u0131t\u0131m distrib\u00fct\u00f6rl\u00fck faaliyetleri y\u00fcr\u00fct\u00fclmekte; ayr\u0131ca Koleksiyon Mobilya ve VDR Tekstil ma\u011fazalar\u0131 ile perakende operasyonlar\u0131 da devam etmektedir.<\/p><p style=\"text-align: center;\">Bug\u00fcn SMB Grup;<\/p><ul style=\"text-align: center;\"><li>T\u00fcrkiye genelinde 10 ilde<\/li><li>23 farkl\u0131 lokasyonda<\/li><li>4\u2019\u00fc ma\u011faza olmak \u00fczere toplam 27 \u015fubede<\/li><li>Yakla\u015f\u0131k 1.150 \u00e7al\u0131\u015fan<\/li><li>750 ara\u00e7l\u0131k saha filosu<\/li><li>37.000 sat\u0131\u015f noktas\u0131na ula\u015fan da\u011f\u0131t\u0131m a\u011f\u0131<\/li><\/ul><p style=\"text-align: center;\">ile operasyonlar\u0131n\u0131 s\u00fcrd\u00fcrmektedir.<\/p>\t\t\t\t\t\t\t\t<\/div>\n\t\t\t\t<\/div>\n\t\t\t\t<\/div>\n\t\t\t\t\t<\/div>\n\t\t\t\t<\/div>\n\t\t<div class=\"elementor-element elementor-element-d14ca0f e-flex e-con-boxed e-con e-parent\" data-id=\"d14ca0f\" data-element_type=\"container\" data-e-type=\"container\" data-settings=\"{&quot;background_background&quot;:&quot;classic&quot;}\">\n\t\t\t\t\t<div class=\"e-con-inner\">\n\t\t<div class=\"elementor-element elementor-element-15dfa64 e-con-full e-flex e-con e-child\" data-id=\"15dfa64\" data-element_type=\"container\" data-e-type=\"container\">\n\t\t\t\t<div class=\"elementor-element elementor-element-4a47e5e elementor-widget elementor-widget-heading\" data-id=\"4a47e5e\" data-element_type=\"widget\" data-e-type=\"widget\" data-widget_type=\"heading.default\">\n\t\t\t\t\t<h2 class=\"elementor-heading-title elementor-size-default\">Gelece\u011fe Bak\u0131\u015f<\/h2>\t\t\t\t<\/div>\n\t\t<div class=\"elementor-element elementor-element-54a526a e-con-full e-flex e-con e-child\" data-id=\"54a526a\" data-element_type=\"container\" data-e-type=\"container\">\n\t\t\t\t<div class=\"elementor-element elementor-element-1daadba ekit-equal-height-disable elementor-widget elementor-widget-elementskit-icon-box\" data-id=\"1daadba\" data-element_type=\"widget\" data-e-type=\"widget\" data-widget_type=\"elementskit-icon-box.default\">\n\t\t\t\t\t<div class=\"ekit-wid-con\" >        <!-- link opening -->\n                <a href=\"#\" class=\"ekit_global_links\">\n                <!-- end link opening -->\n\n        <div class=\"elementskit-infobox text-center text- icon-lef-right-aligin elementor-animation-   \">\n                        <div class=\"box-body\">\n                            <h3 class=\"elementskit-info-box-title\">\n                    Vizyon                <\/h3>\n                        \t\t  \t<p>Temsil edilen markalar i\u00e7in g\u00fcvenilir, s\u00fcrd\u00fcr\u00fclebilir ve \u00f6l\u00e7\u00fclebilir operasyon modelleri geli\u015ftirerek, distrib\u00fct\u00f6rl\u00fck ve kanal y\u00f6netiminde \u00f6nc\u00fc i\u015f orta\u011f\u0131 olmak.<\/p>\n                                <\/div>\n        \n        \n                <\/div>\n                <\/a>\n        <\/div>\t\t\t\t<\/div>\n\t\t\t\t<div class=\"elementor-element elementor-element-9a57037 ekit-equal-height-disable elementor-widget elementor-widget-elementskit-icon-box\" data-id=\"9a57037\" data-element_type=\"widget\" data-e-type=\"widget\" data-widget_type=\"elementskit-icon-box.default\">\n\t\t\t\t\t<div class=\"ekit-wid-con\" >        <!-- link opening -->\n                <a href=\"#\" class=\"ekit_global_links\">\n                <!-- end link opening -->\n\n        <div class=\"elementskit-infobox text-center text- icon-lef-right-aligin elementor-animation-   \">\n                        <div class=\"box-body\">\n                            <h3 class=\"elementskit-info-box-title\">\n                    Misyon                <\/h3>\n                        \t\t  \t<p>Da\u011f\u0131t\u0131m, saha organizasyonu ve kanal y\u00f6netimi s\u00fcre\u00e7lerini planl\u0131 ve disiplinli bir sistem anlay\u0131\u015f\u0131 ile y\u00f6neterek, temsil edilen markalara uzun vadeli ve s\u00fcrd\u00fcr\u00fclebilir de\u011fer \u00fcretmek.<\/p>\n                                <\/div>\n        \n        \n                <\/div>\n                <\/a>\n        <\/div>\t\t\t\t<\/div>\n\t\t\t\t<\/div>\n\t\t\t\t<\/div>\n\t\t\t\t\t<\/div>\n\t\t\t\t<\/div>\n\t\t\t\t<\/div>\n\t\t","protected":false},"excerpt":{"rendered":"<p>HAKKIMIZDA Yar\u0131m As\u0131rl\u0131k Yolculuk Lorem ipsum dolor sit amet, consectetur adipiscing elit. Ut elit tellus, luctus nec ullamcorper mattis, pulvinar dapibus leo. Sabri G\u00fcl &#8211; Kurucu Bir Yolculu\u011fun Ba\u015flang\u0131c\u0131 SMB Grup\u2019un hik\u00e2yesi, 1974 y\u0131l\u0131nda Sabri G\u00fcl taraf\u0131ndan Do\u011fu Anadolu B\u00f6lgesi\u2019nde g\u0131da sat\u0131\u015f ve da\u011f\u0131t\u0131m faaliyetleri ile ba\u015flad\u0131. Saha deneyimi, ticari disiplin ve g\u00fcven odakl\u0131 i\u015f [&hellip;]<\/p>\n","protected":false},"author":1,"featured_media":0,"parent":0,"menu_order":0,"comment_status":"closed","ping_status":"closed","template":"elementor_header_footer","meta":{"footnotes":""},"class_list":["post-165","page","type-page","status-publish","hentry"],"_links":{"self":[{"href":"https:\/\/staging-n.smbgrup.com\/index.php?rest_route=\/wp\/v2\/pages\/165","targetHints":{"allow":["GET"]}}],"collection":[{"href":"https:\/\/staging-n.smbgrup.com\/index.php?rest_route=\/wp\/v2\/pages"}],"about":[{"href":"https:\/\/staging-n.smbgrup.com\/index.php?rest_route=\/wp\/v2\/types\/page"}],"author":[{"embeddable":true,"href":"https:\/\/staging-n.smbgrup.com\/index.php?rest_route=\/wp\/v2\/users\/1"}],"replies":[{"embeddable":true,"href":"https:\/\/staging-n.smbgrup.com\/index.php?rest_route=%2Fwp%2Fv2%2Fcomments&post=165"}],"version-history":[{"count":14,"href":"https:\/\/staging-n.smbgrup.com\/index.php?rest_route=\/wp\/v2\/pages\/165\/revisions"}],"predecessor-version":[{"id":462,"href":"https:\/\/staging-n.smbgrup.com\/index.php?rest_route=\/wp\/v2\/pages\/165\/revisions\/462"}],"wp:attachment":[{"href":"https:\/\/staging-n.smbgrup.com\/index.php?rest_route=%2Fwp%2Fv2%2Fmedia&parent=165"}],"curies":[{"name":"wp","href":"https:\/\/api.w.org\/{rel}","templated":true}]}}