{"id":210,"date":"2026-02-23T17:32:50","date_gmt":"2026-02-23T17:32:50","guid":{"rendered":"https:\/\/smbgrup.com\/?page_id=210"},"modified":"2026-02-28T10:41:54","modified_gmt":"2026-02-28T10:41:54","slug":"hizmetler","status":"publish","type":"page","link":"https:\/\/staging-n.smbgrup.com\/?page_id=210","title":{"rendered":"Hizmetler"},"content":{"rendered":"\t\t<div data-elementor-type=\"wp-page\" data-elementor-id=\"210\" class=\"elementor elementor-210\">\n\t\t\t\t<div class=\"elementor-element elementor-element-6e105ce e-con-full e-flex e-con e-parent\" data-id=\"6e105ce\" data-element_type=\"container\" data-e-type=\"container\" data-settings=\"{&quot;background_background&quot;:&quot;gradient&quot;}\">\n\t\t\t\t<div class=\"elementor-element elementor-element-5a883f9 elementor-widget elementor-widget-heading\" data-id=\"5a883f9\" data-element_type=\"widget\" data-e-type=\"widget\" data-widget_type=\"heading.default\">\n\t\t\t\t\t<h6 class=\"elementor-heading-title elementor-size-default\">H\u0130ZMET ALANLARIMIZI KE\u015eFED\u0130N<\/h6>\t\t\t\t<\/div>\n\t\t\t\t<div class=\"elementor-element elementor-element-96accd3 elementor-widget elementor-widget-heading\" data-id=\"96accd3\" data-element_type=\"widget\" data-e-type=\"widget\" data-widget_type=\"heading.default\">\n\t\t\t\t\t<h1 class=\"elementor-heading-title elementor-size-default\">Hizmetlerimiz<\/h1>\t\t\t\t<\/div>\n\t\t\t\t<div class=\"elementor-element elementor-element-665e094 elementor-widget elementor-widget-text-editor\" data-id=\"665e094\" data-element_type=\"widget\" data-e-type=\"widget\" data-widget_type=\"text-editor.default\">\n\t\t\t\t\t\t\t\t\t<p>SMB Grup; distrib\u00fct\u00f6rl\u00fck, kanal y\u00f6netimi ve saha operasyonlar\u0131n\u0131 kapsayan \u00e7ok y\u00f6nl\u00fc hizmet modeli ile temsil etti\u011fi markalara entegre \u00e7\u00f6z\u00fcmler sunmaktad\u0131r.<\/p>\t\t\t\t\t\t\t\t<\/div>\n\t\t\t\t<\/div>\n\t\t<div class=\"elementor-element elementor-element-4a05582 e-flex e-con-boxed e-con e-parent\" data-id=\"4a05582\" data-element_type=\"container\" data-e-type=\"container\">\n\t\t\t\t\t<div class=\"e-con-inner\">\n\t\t<div class=\"elementor-element elementor-element-19ab95c e-flex e-con-boxed e-con e-child\" data-id=\"19ab95c\" data-element_type=\"container\" data-e-type=\"container\">\n\t\t\t\t\t<div class=\"e-con-inner\">\n\t\t\t\t<div class=\"elementor-element elementor-element-85c43d8 elementor-widget elementor-widget-heading\" data-id=\"85c43d8\" data-element_type=\"widget\" data-e-type=\"widget\" data-widget_type=\"heading.default\">\n\t\t\t\t\t<h3 class=\"elementor-heading-title elementor-size-default\">Distrib\u00fct\u00f6rl\u00fck Hizmetleri<\/h3>\t\t\t\t<\/div>\n\t\t\t\t<div class=\"elementor-element elementor-element-f9563f6 elementor-widget elementor-widget-text-editor\" data-id=\"f9563f6\" data-element_type=\"widget\" data-e-type=\"widget\" data-widget_type=\"text-editor.default\">\n\t\t\t\t\t\t\t\t\t<p>Temsil edilen markalar\u0131n sat\u0131\u015f, da\u011f\u0131t\u0131m ve kanal organizasyon s\u00fcre\u00e7leri SMB Grup taraf\u0131ndan y\u00f6netilmektedir.<\/p>\t\t\t\t\t\t\t\t<\/div>\n\t\t\t\t\t<\/div>\n\t\t\t\t<\/div>\n\t\t<div class=\"elementor-element elementor-element-e7d2648 e-con-full e-flex e-con e-child\" data-id=\"e7d2648\" data-element_type=\"container\" data-e-type=\"container\">\n\t\t\t\t<div class=\"elementor-element elementor-element-6863ec9 elementor-widget elementor-widget-image\" data-id=\"6863ec9\" data-element_type=\"widget\" data-e-type=\"widget\" data-widget_type=\"image.default\">\n\t\t\t\t\t\t\t\t\t\t\t\t\t\t\t<img decoding=\"async\" src=\"https:\/\/staging-n.smbgrup.com\/wp-content\/plugins\/elementor\/assets\/images\/placeholder.png\" title=\"\" alt=\"\" loading=\"lazy\" \/>\t\t\t\t\t\t\t\t\t\t\t\t\t\t\t<\/div>\n\t\t\t\t<\/div>\n\t\t\t\t\t<\/div>\n\t\t\t\t<\/div>\n\t\t<div class=\"elementor-element elementor-element-637c0e7 e-flex e-con-boxed e-con e-parent\" data-id=\"637c0e7\" data-element_type=\"container\" data-e-type=\"container\">\n\t\t\t\t\t<div class=\"e-con-inner\">\n\t\t<div class=\"elementor-element elementor-element-3d77d989 e-flex e-con-boxed e-con e-child\" data-id=\"3d77d989\" data-element_type=\"container\" data-e-type=\"container\">\n\t\t\t\t\t<div class=\"e-con-inner\">\n\t\t\t\t<div class=\"elementor-element elementor-element-3f32df9f elementor-widget elementor-widget-heading\" data-id=\"3f32df9f\" data-element_type=\"widget\" data-e-type=\"widget\" data-widget_type=\"heading.default\">\n\t\t\t\t\t<h3 class=\"elementor-heading-title elementor-size-default\">Sat\u0131\u015f Kanal Y\u00f6netimi<\/h3>\t\t\t\t<\/div>\n\t\t\t\t<div class=\"elementor-element elementor-element-6c6ee580 elementor-widget elementor-widget-text-editor\" data-id=\"6c6ee580\" data-element_type=\"widget\" data-e-type=\"widget\" data-widget_type=\"text-editor.default\">\n\t\t\t\t\t\t\t\t\t<p>Ulusal ve yerel zincir ma\u011fazalar ba\u015fta olmak \u00fczere farkl\u0131 sat\u0131\u015f kanallar\u0131nda kategori ve saha y\u00f6netimi y\u00fcr\u00fct\u00fclmektedir.<\/p>\t\t\t\t\t\t\t\t<\/div>\n\t\t\t\t\t<\/div>\n\t\t\t\t<\/div>\n\t\t<div class=\"elementor-element elementor-element-14dfddcf e-con-full e-flex e-con e-child\" data-id=\"14dfddcf\" data-element_type=\"container\" data-e-type=\"container\">\n\t\t\t\t<div class=\"elementor-element elementor-element-5f42d563 elementor-widget elementor-widget-image\" data-id=\"5f42d563\" data-element_type=\"widget\" data-e-type=\"widget\" data-widget_type=\"image.default\">\n\t\t\t\t\t\t\t\t\t\t\t\t\t\t\t<img decoding=\"async\" src=\"https:\/\/staging-n.smbgrup.com\/wp-content\/plugins\/elementor\/assets\/images\/placeholder.png\" title=\"\" alt=\"\" loading=\"lazy\" \/>\t\t\t\t\t\t\t\t\t\t\t\t\t\t\t<\/div>\n\t\t\t\t<\/div>\n\t\t\t\t\t<\/div>\n\t\t\t\t<\/div>\n\t\t<div class=\"elementor-element elementor-element-6c2d9ea e-flex e-con-boxed e-con e-parent\" data-id=\"6c2d9ea\" data-element_type=\"container\" data-e-type=\"container\">\n\t\t\t\t\t<div class=\"e-con-inner\">\n\t\t<div class=\"elementor-element elementor-element-6c939f0 e-flex e-con-boxed e-con e-child\" data-id=\"6c939f0\" data-element_type=\"container\" data-e-type=\"container\">\n\t\t\t\t\t<div class=\"e-con-inner\">\n\t\t\t\t<div class=\"elementor-element elementor-element-74007d5c elementor-widget elementor-widget-heading\" data-id=\"74007d5c\" data-element_type=\"widget\" data-e-type=\"widget\" data-widget_type=\"heading.default\">\n\t\t\t\t\t<h3 class=\"elementor-heading-title elementor-size-default\">Saha Sat\u0131\u015f Organizasyonu<\/h3>\t\t\t\t<\/div>\n\t\t\t\t<div class=\"elementor-element elementor-element-3eaa7ff0 elementor-widget elementor-widget-text-editor\" data-id=\"3eaa7ff0\" data-element_type=\"widget\" data-e-type=\"widget\" data-widget_type=\"text-editor.default\">\n\t\t\t\t\t\t\t\t\t<p>Profesyonel saha ekipleri ile sat\u0131\u015f noktas\u0131 y\u00f6netimi ve performans takibi sa\u011flanmaktad\u0131r.<\/p>\t\t\t\t\t\t\t\t<\/div>\n\t\t\t\t\t<\/div>\n\t\t\t\t<\/div>\n\t\t<div class=\"elementor-element elementor-element-3bf36630 e-con-full e-flex e-con e-child\" data-id=\"3bf36630\" data-element_type=\"container\" data-e-type=\"container\">\n\t\t\t\t<div class=\"elementor-element elementor-element-36a81f30 elementor-widget elementor-widget-image\" data-id=\"36a81f30\" data-element_type=\"widget\" data-e-type=\"widget\" data-widget_type=\"image.default\">\n\t\t\t\t\t\t\t\t\t\t\t\t\t\t\t<img decoding=\"async\" src=\"https:\/\/staging-n.smbgrup.com\/wp-content\/plugins\/elementor\/assets\/images\/placeholder.png\" title=\"\" alt=\"\" loading=\"lazy\" \/>\t\t\t\t\t\t\t\t\t\t\t\t\t\t\t<\/div>\n\t\t\t\t<\/div>\n\t\t\t\t\t<\/div>\n\t\t\t\t<\/div>\n\t\t<div class=\"elementor-element elementor-element-963ec0a e-flex e-con-boxed e-con e-parent\" data-id=\"963ec0a\" data-element_type=\"container\" data-e-type=\"container\">\n\t\t\t\t\t<div class=\"e-con-inner\">\n\t\t<div class=\"elementor-element elementor-element-7354dae2 e-flex e-con-boxed e-con e-child\" data-id=\"7354dae2\" data-element_type=\"container\" data-e-type=\"container\">\n\t\t\t\t\t<div class=\"e-con-inner\">\n\t\t\t\t<div class=\"elementor-element elementor-element-1490aefe elementor-widget elementor-widget-heading\" data-id=\"1490aefe\" data-element_type=\"widget\" data-e-type=\"widget\" data-widget_type=\"heading.default\">\n\t\t\t\t\t<h3 class=\"elementor-heading-title elementor-size-default\">Lojistik ve Da\u011f\u0131t\u0131m Hizmetleri<\/h3>\t\t\t\t<\/div>\n\t\t\t\t<div class=\"elementor-element elementor-element-5d9668c0 elementor-widget elementor-widget-text-editor\" data-id=\"5d9668c0\" data-element_type=\"widget\" data-e-type=\"widget\" data-widget_type=\"text-editor.default\">\n\t\t\t\t\t\t\t\t\t<p>Depo, sevkiyat ve teslimat s\u00fcre\u00e7leri planl\u0131 operasyon modeli ile y\u00fcr\u00fct\u00fclmektedir.<\/p>\t\t\t\t\t\t\t\t<\/div>\n\t\t\t\t\t<\/div>\n\t\t\t\t<\/div>\n\t\t<div class=\"elementor-element elementor-element-a293ff3 e-con-full e-flex e-con e-child\" data-id=\"a293ff3\" data-element_type=\"container\" data-e-type=\"container\">\n\t\t\t\t<div class=\"elementor-element elementor-element-212d545a elementor-widget elementor-widget-image\" data-id=\"212d545a\" data-element_type=\"widget\" data-e-type=\"widget\" data-widget_type=\"image.default\">\n\t\t\t\t\t\t\t\t\t\t\t\t\t\t\t<img decoding=\"async\" src=\"https:\/\/staging-n.smbgrup.com\/wp-content\/plugins\/elementor\/assets\/images\/placeholder.png\" title=\"\" alt=\"\" loading=\"lazy\" \/>\t\t\t\t\t\t\t\t\t\t\t\t\t\t\t<\/div>\n\t\t\t\t<\/div>\n\t\t\t\t\t<\/div>\n\t\t\t\t<\/div>\n\t\t<div class=\"elementor-element elementor-element-5a6b6c4 e-flex e-con-boxed e-con e-parent\" data-id=\"5a6b6c4\" data-element_type=\"container\" data-e-type=\"container\">\n\t\t\t\t\t<div class=\"e-con-inner\">\n\t\t<div class=\"elementor-element elementor-element-71c8fd59 e-flex e-con-boxed e-con e-child\" data-id=\"71c8fd59\" data-element_type=\"container\" data-e-type=\"container\">\n\t\t\t\t\t<div class=\"e-con-inner\">\n\t\t\t\t<div class=\"elementor-element elementor-element-6b2ab09e elementor-widget elementor-widget-heading\" data-id=\"6b2ab09e\" data-element_type=\"widget\" data-e-type=\"widget\" data-widget_type=\"heading.default\">\n\t\t\t\t\t<h3 class=\"elementor-heading-title elementor-size-default\">Perakende Ma\u011faza Operasyonlar\u0131<\/h3>\t\t\t\t<\/div>\n\t\t\t\t<div class=\"elementor-element elementor-element-7e8f8f elementor-widget elementor-widget-text-editor\" data-id=\"7e8f8f\" data-element_type=\"widget\" data-e-type=\"widget\" data-widget_type=\"text-editor.default\">\n\t\t\t\t\t\t\t\t\t<p>SMB Grup b\u00fcnyesinde faaliyet g\u00f6steren ma\u011fazalar ile perakende sat\u0131\u015f operasyonlar\u0131 y\u00f6netilmektedir.<\/p>\t\t\t\t\t\t\t\t<\/div>\n\t\t\t\t\t<\/div>\n\t\t\t\t<\/div>\n\t\t<div class=\"elementor-element elementor-element-6c4f2298 e-con-full e-flex e-con e-child\" data-id=\"6c4f2298\" data-element_type=\"container\" data-e-type=\"container\">\n\t\t\t\t<div class=\"elementor-element elementor-element-4a1cbc38 elementor-widget elementor-widget-image\" data-id=\"4a1cbc38\" data-element_type=\"widget\" data-e-type=\"widget\" data-widget_type=\"image.default\">\n\t\t\t\t\t\t\t\t\t\t\t\t\t\t\t<img decoding=\"async\" src=\"https:\/\/staging-n.smbgrup.com\/wp-content\/plugins\/elementor\/assets\/images\/placeholder.png\" title=\"\" alt=\"\" loading=\"lazy\" \/>\t\t\t\t\t\t\t\t\t\t\t\t\t\t\t<\/div>\n\t\t\t\t<\/div>\n\t\t\t\t\t<\/div>\n\t\t\t\t<\/div>\n\t\t<div class=\"elementor-element elementor-element-3e579b8 e-flex e-con-boxed e-con e-parent\" data-id=\"3e579b8\" data-element_type=\"container\" data-e-type=\"container\">\n\t\t\t\t\t<div class=\"e-con-inner\">\n\t\t<div class=\"elementor-element elementor-element-27d2dc9e e-flex e-con-boxed e-con e-child\" data-id=\"27d2dc9e\" data-element_type=\"container\" data-e-type=\"container\">\n\t\t\t\t\t<div class=\"e-con-inner\">\n\t\t\t\t<div class=\"elementor-element elementor-element-36405cb elementor-widget elementor-widget-heading\" data-id=\"36405cb\" data-element_type=\"widget\" data-e-type=\"widget\" data-widget_type=\"heading.default\">\n\t\t\t\t\t<h3 class=\"elementor-heading-title elementor-size-default\">Kategori ve Marka Y\u00f6netimi<\/h3>\t\t\t\t<\/div>\n\t\t\t\t<div class=\"elementor-element elementor-element-695c076f elementor-widget elementor-widget-text-editor\" data-id=\"695c076f\" data-element_type=\"widget\" data-e-type=\"widget\" data-widget_type=\"text-editor.default\">\n\t\t\t\t\t\t\t\t\t<p>Temsil edilen markalar\u0131n raf konumland\u0131rmas\u0131, kategori planlamas\u0131 ve sat\u0131\u015f performans\u0131 desteklenmektedir.<\/p>\t\t\t\t\t\t\t\t<\/div>\n\t\t\t\t\t<\/div>\n\t\t\t\t<\/div>\n\t\t<div class=\"elementor-element elementor-element-5ba906db e-con-full e-flex e-con e-child\" data-id=\"5ba906db\" data-element_type=\"container\" data-e-type=\"container\">\n\t\t\t\t<div class=\"elementor-element elementor-element-79e8642b elementor-widget elementor-widget-image\" data-id=\"79e8642b\" data-element_type=\"widget\" data-e-type=\"widget\" data-widget_type=\"image.default\">\n\t\t\t\t\t\t\t\t\t\t\t\t\t\t\t<img decoding=\"async\" src=\"https:\/\/staging-n.smbgrup.com\/wp-content\/plugins\/elementor\/assets\/images\/placeholder.png\" title=\"\" alt=\"\" loading=\"lazy\" \/>\t\t\t\t\t\t\t\t\t\t\t\t\t\t\t<\/div>\n\t\t\t\t<\/div>\n\t\t\t\t\t<\/div>\n\t\t\t\t<\/div>\n\t\t<div class=\"elementor-element elementor-element-ddf7a18 e-flex e-con-boxed e-con e-parent\" data-id=\"ddf7a18\" data-element_type=\"container\" data-e-type=\"container\" data-settings=\"{&quot;background_background&quot;:&quot;classic&quot;}\">\n\t\t\t\t\t<div class=\"e-con-inner\">\n\t\t\t\t<div class=\"elementor-element elementor-element-fa26dd6 elementor-widget elementor-widget-heading\" data-id=\"fa26dd6\" data-element_type=\"widget\" data-e-type=\"widget\" data-widget_type=\"heading.default\">\n\t\t\t\t\t<h6 class=\"elementor-heading-title elementor-size-default\">SMB GRUP<\/h6>\t\t\t\t<\/div>\n\t\t\t\t<div class=\"elementor-element elementor-element-5cee97f elementor-widget elementor-widget-heading\" data-id=\"5cee97f\" data-element_type=\"widget\" data-e-type=\"widget\" data-widget_type=\"heading.default\">\n\t\t\t\t\t<h2 class=\"elementor-heading-title elementor-size-default\">Operasyonel Yakla\u015f\u0131m\u0131<\/h2>\t\t\t\t<\/div>\n\t\t\t\t<div class=\"elementor-element elementor-element-0740569 elementor-widget elementor-widget-text-editor\" data-id=\"0740569\" data-element_type=\"widget\" data-e-type=\"widget\" data-widget_type=\"text-editor.default\">\n\t\t\t\t\t\t\t\t\t<p style=\"text-align: center;\">Distrib\u00fct\u00f6rl\u00fckten saha sat\u0131\u015f\u0131na, lojistik organizasyondan kanal y\u00f6netimine kadar uzanan entegre bir yap\u0131ya sahiptir.<\/p><p style=\"text-align: center;\">Her hizmet alan\u0131, temsil edilen markalar\u0131n pazardaki varl\u0131\u011f\u0131n\u0131 g\u00fc\u00e7lendirmek ve operasyonel verimlili\u011fi art\u0131rmak amac\u0131yla planlanmaktad\u0131r.<\/p><p>Sunulan t\u00fcm hizmetler; SMB Grup\u2019un planlama temelli operasyonel yakla\u015f\u0131m\u0131 ile entegre bi\u00e7imde y\u00fcr\u00fct\u00fclmektedir.<\/p><p>Operasyonel s\u00fcre\u00e7ler hakk\u0131nda detayl\u0131 bilgiye ilgili b\u00f6l\u00fcmden ula\u015fabilirsiniz.<\/p>\t\t\t\t\t\t\t\t<\/div>\n\t\t\t\t<div class=\"elementor-element elementor-element-aa698c7 elementor-widget elementor-widget-button\" data-id=\"aa698c7\" data-element_type=\"widget\" data-e-type=\"widget\" data-widget_type=\"button.default\">\n\t\t\t\t\t\t\t\t\t\t<a class=\"elementor-button elementor-button-link elementor-size-sm\" href=\"#\">\n\t\t\t\t\t\t<span class=\"elementor-button-content-wrapper\">\n\t\t\t\t\t\t\t\t\t<span class=\"elementor-button-text\">Operasyonel Yakla\u015f\u0131m\u0131m\u0131z<\/span>\n\t\t\t\t\t<\/span>\n\t\t\t\t\t<\/a>\n\t\t\t\t\t\t\t\t<\/div>\n\t\t\t\t\t<\/div>\n\t\t\t\t<\/div>\n\t\t\t\t<\/div>\n\t\t","protected":false},"excerpt":{"rendered":"<p>H\u0130ZMET ALANLARIMIZI KE\u015eFED\u0130N Hizmetlerimiz SMB Grup; distrib\u00fct\u00f6rl\u00fck, kanal y\u00f6netimi ve saha operasyonlar\u0131n\u0131 kapsayan \u00e7ok y\u00f6nl\u00fc hizmet modeli ile temsil etti\u011fi markalara entegre \u00e7\u00f6z\u00fcmler sunmaktad\u0131r. Distrib\u00fct\u00f6rl\u00fck Hizmetleri Temsil edilen markalar\u0131n sat\u0131\u015f, da\u011f\u0131t\u0131m ve kanal organizasyon s\u00fcre\u00e7leri SMB Grup taraf\u0131ndan y\u00f6netilmektedir. Sat\u0131\u015f Kanal Y\u00f6netimi Ulusal ve yerel zincir ma\u011fazalar ba\u015fta olmak \u00fczere farkl\u0131 sat\u0131\u015f kanallar\u0131nda kategori ve [&hellip;]<\/p>\n","protected":false},"author":1,"featured_media":0,"parent":0,"menu_order":0,"comment_status":"closed","ping_status":"closed","template":"elementor_header_footer","meta":{"footnotes":""},"class_list":["post-210","page","type-page","status-publish","hentry"],"_links":{"self":[{"href":"https:\/\/staging-n.smbgrup.com\/index.php?rest_route=\/wp\/v2\/pages\/210","targetHints":{"allow":["GET"]}}],"collection":[{"href":"https:\/\/staging-n.smbgrup.com\/index.php?rest_route=\/wp\/v2\/pages"}],"about":[{"href":"https:\/\/staging-n.smbgrup.com\/index.php?rest_route=\/wp\/v2\/types\/page"}],"author":[{"embeddable":true,"href":"https:\/\/staging-n.smbgrup.com\/index.php?rest_route=\/wp\/v2\/users\/1"}],"replies":[{"embeddable":true,"href":"https:\/\/staging-n.smbgrup.com\/index.php?rest_route=%2Fwp%2Fv2%2Fcomments&post=210"}],"version-history":[{"count":7,"href":"https:\/\/staging-n.smbgrup.com\/index.php?rest_route=\/wp\/v2\/pages\/210\/revisions"}],"predecessor-version":[{"id":438,"href":"https:\/\/staging-n.smbgrup.com\/index.php?rest_route=\/wp\/v2\/pages\/210\/revisions\/438"}],"wp:attachment":[{"href":"https:\/\/staging-n.smbgrup.com\/index.php?rest_route=%2Fwp%2Fv2%2Fmedia&parent=210"}],"curies":[{"name":"wp","href":"https:\/\/api.w.org\/{rel}","templated":true}]}}