{"id":212,"date":"2026-02-23T17:33:33","date_gmt":"2026-02-23T17:33:33","guid":{"rendered":"https:\/\/smbgrup.com\/?page_id=212"},"modified":"2026-02-28T11:18:12","modified_gmt":"2026-02-28T11:18:12","slug":"markalarimiz","status":"publish","type":"page","link":"https:\/\/staging-n.smbgrup.com\/?page_id=212","title":{"rendered":"Markalar\u0131m\u0131z"},"content":{"rendered":"\t\t<div data-elementor-type=\"wp-page\" data-elementor-id=\"212\" class=\"elementor elementor-212\">\n\t\t\t\t<div class=\"elementor-element elementor-element-be6dacd e-con-full e-flex e-con e-parent\" data-id=\"be6dacd\" data-element_type=\"container\" data-e-type=\"container\" data-settings=\"{&quot;background_background&quot;:&quot;gradient&quot;}\">\n\t\t\t\t<div class=\"elementor-element elementor-element-7507109 elementor-widget elementor-widget-heading\" data-id=\"7507109\" data-element_type=\"widget\" data-e-type=\"widget\" data-widget_type=\"heading.default\">\n\t\t\t\t\t<h6 class=\"elementor-heading-title elementor-size-default\">MARKALARIMIZ &amp; \u0130\u015e B\u0130RL\u0130KLER\u0130M\u0130Z<\/h6>\t\t\t\t<\/div>\n\t\t\t\t<div class=\"elementor-element elementor-element-927165d elementor-widget elementor-widget-heading\" data-id=\"927165d\" data-element_type=\"widget\" data-e-type=\"widget\" data-widget_type=\"heading.default\">\n\t\t\t\t\t<h1 class=\"elementor-heading-title elementor-size-default\">Markalar\u0131m\u0131z<\/h1>\t\t\t\t<\/div>\n\t\t\t\t<div class=\"elementor-element elementor-element-b949983 elementor-widget elementor-widget-text-editor\" data-id=\"b949983\" data-element_type=\"widget\" data-e-type=\"widget\" data-widget_type=\"text-editor.default\">\n\t\t\t\t\t\t\t\t\t<p>Temsil edilen markalar ile uzun vadeli i\u015f birlikleri kuran SMB Grup; ulusal ve uluslararas\u0131 markalar\u0131n saha operasyonlar\u0131n\u0131 ve kanal y\u00f6netimini y\u00fcr\u00fctmektedir.<span class=\"Apple-converted-space\">\u00a0<\/span><\/p>\t\t\t\t\t\t\t\t<\/div>\n\t\t\t\t<\/div>\n\t\t<div class=\"elementor-element elementor-element-cc3cd72 e-flex e-con-boxed e-con e-parent\" data-id=\"cc3cd72\" data-element_type=\"container\" data-e-type=\"container\">\n\t\t\t\t\t<div class=\"e-con-inner\">\n\t\t<div class=\"elementor-element elementor-element-5c95399 e-con-full e-flex e-con e-child\" data-id=\"5c95399\" data-element_type=\"container\" data-e-type=\"container\">\n\t\t\t\t<div class=\"elementor-element elementor-element-6ad1f59 elementor-position-top elementor-widget elementor-widget-image-box\" data-id=\"6ad1f59\" data-element_type=\"widget\" data-e-type=\"widget\" data-widget_type=\"image-box.default\">\n\t\t\t\t\t<div class=\"elementor-image-box-wrapper\"><figure class=\"elementor-image-box-img\"><img decoding=\"async\" src=\"https:\/\/staging-n.smbgrup.com\/wp-content\/plugins\/elementor\/assets\/images\/placeholder.png\" title=\"\" alt=\"\" loading=\"lazy\" \/><\/figure><div class=\"elementor-image-box-content\"><h5 class=\"elementor-image-box-title\">SMB GIDA<\/h5><p class=\"elementor-image-box-description\">SMB G\u0131da, Yerel ve ulusal zincir market kanallar\u0131nda saha operasyonu, depo y\u00f6netimi ve lojistik s\u00fcre\u00e7lerini entegre \u015fekilde y\u00fcr\u00fctmektedir.\n<\/p><\/div><\/div>\t\t\t\t<\/div>\n\t\t<div class=\"elementor-element elementor-element-818b916 e-con-full e-flex e-con e-child\" data-id=\"818b916\" data-element_type=\"container\" data-e-type=\"container\">\n\t\t\t\t<div class=\"elementor-element elementor-element-fd302f4 elementor-widget elementor-widget-heading\" data-id=\"fd302f4\" data-element_type=\"widget\" data-e-type=\"widget\" data-widget_type=\"heading.default\">\n\t\t\t\t\t<h6 class=\"elementor-heading-title elementor-size-default\">\u0130\u015f Birlikleri<\/h6>\t\t\t\t<\/div>\n\t\t\t\t<div class=\"elementor-element elementor-element-0b735eb elementor-widget__width-initial elementor-widget elementor-widget-image\" data-id=\"0b735eb\" data-element_type=\"widget\" data-e-type=\"widget\" data-widget_type=\"image.default\">\n\t\t\t\t\t\t\t\t\t\t\t\t\t\t\t<img decoding=\"async\" src=\"https:\/\/staging-n.smbgrup.com\/wp-content\/plugins\/elementor\/assets\/images\/placeholder.png\" title=\"\" alt=\"\" loading=\"lazy\" \/>\t\t\t\t\t\t\t\t\t\t\t\t\t\t\t<\/div>\n\t\t\t\t<\/div>\n\t\t\t\t<\/div>\n\t\t<div class=\"elementor-element elementor-element-5968c25 e-con-full e-flex e-con e-child\" data-id=\"5968c25\" data-element_type=\"container\" data-e-type=\"container\">\n\t\t\t\t<div class=\"elementor-element elementor-element-7ade718 elementor-position-top elementor-widget elementor-widget-image-box\" data-id=\"7ade718\" data-element_type=\"widget\" data-e-type=\"widget\" data-widget_type=\"image-box.default\">\n\t\t\t\t\t<div class=\"elementor-image-box-wrapper\"><figure class=\"elementor-image-box-img\"><img decoding=\"async\" src=\"https:\/\/staging-n.smbgrup.com\/wp-content\/plugins\/elementor\/assets\/images\/placeholder.png\" title=\"\" alt=\"\" loading=\"lazy\" \/><\/figure><div class=\"elementor-image-box-content\"><h5 class=\"elementor-image-box-title\">ALTANER<\/h5><p class=\"elementor-image-box-description\">Altaner G\u0131da, h\u0131zl\u0131 t\u00fcketim \u00fcr\u00fcnleri kategorisinde saha ve kanal y\u00f6netimi operasyonlar\u0131n\u0131 y\u00fcr\u00fctmektedir.<\/p><\/div><\/div>\t\t\t\t<\/div>\n\t\t<div class=\"elementor-element elementor-element-5c0cc01 e-con-full e-flex e-con e-child\" data-id=\"5c0cc01\" data-element_type=\"container\" data-e-type=\"container\">\n\t\t\t\t<div class=\"elementor-element elementor-element-b3adce7 elementor-widget elementor-widget-heading\" data-id=\"b3adce7\" data-element_type=\"widget\" data-e-type=\"widget\" data-widget_type=\"heading.default\">\n\t\t\t\t\t<h6 class=\"elementor-heading-title elementor-size-default\">\u0130\u015f Birlikleri\u200b<\/h6>\t\t\t\t<\/div>\n\t\t\t\t<div class=\"elementor-element elementor-element-41c70d8 elementor-widget__width-initial elementor-widget elementor-widget-image\" data-id=\"41c70d8\" data-element_type=\"widget\" data-e-type=\"widget\" data-widget_type=\"image.default\">\n\t\t\t\t\t\t\t\t\t\t\t\t\t\t\t<img decoding=\"async\" src=\"https:\/\/staging-n.smbgrup.com\/wp-content\/plugins\/elementor\/assets\/images\/placeholder.png\" title=\"\" alt=\"\" loading=\"lazy\" \/>\t\t\t\t\t\t\t\t\t\t\t\t\t\t\t<\/div>\n\t\t\t\t<\/div>\n\t\t\t\t<\/div>\n\t\t<div class=\"elementor-element elementor-element-dbdebfb e-con-full e-flex e-con e-child\" data-id=\"dbdebfb\" data-element_type=\"container\" data-e-type=\"container\">\n\t\t\t\t<div class=\"elementor-element elementor-element-e1b2e68 elementor-position-top elementor-widget elementor-widget-image-box\" data-id=\"e1b2e68\" data-element_type=\"widget\" data-e-type=\"widget\" data-widget_type=\"image-box.default\">\n\t\t\t\t\t<div class=\"elementor-image-box-wrapper\"><figure class=\"elementor-image-box-img\"><img decoding=\"async\" src=\"https:\/\/staging-n.smbgrup.com\/wp-content\/plugins\/elementor\/assets\/images\/placeholder.png\" title=\"\" alt=\"\" loading=\"lazy\" \/><\/figure><div class=\"elementor-image-box-content\"><h5 class=\"elementor-image-box-title\">Z\u0130RVE GRUP<\/h5><p class=\"elementor-image-box-description\">Zirve Grup, SMB Grup\u2019un b\u00f6lgesel distrib\u00fct\u00f6rl\u00fck operasyonlar\u0131n\u0131 y\u00f6neten yap\u0131lanmas\u0131d\u0131r. Yerel zincir ve geleneksel kanal da\u011f\u0131t\u0131m s\u00fcre\u00e7lerinde uzmanla\u015fm\u0131\u015ft\u0131r.<\/p><\/div><\/div>\t\t\t\t<\/div>\n\t\t<div class=\"elementor-element elementor-element-f0f389f e-con-full e-flex e-con e-child\" data-id=\"f0f389f\" data-element_type=\"container\" data-e-type=\"container\">\n\t\t\t\t<div class=\"elementor-element elementor-element-56d36ce elementor-widget elementor-widget-heading\" data-id=\"56d36ce\" data-element_type=\"widget\" data-e-type=\"widget\" data-widget_type=\"heading.default\">\n\t\t\t\t\t<h6 class=\"elementor-heading-title elementor-size-default\">\u0130\u015f Birlikleri\u200b<\/h6>\t\t\t\t<\/div>\n\t\t\t\t<div class=\"elementor-element elementor-element-c7bff75 elementor-widget__width-initial elementor-widget elementor-widget-image\" data-id=\"c7bff75\" data-element_type=\"widget\" data-e-type=\"widget\" data-widget_type=\"image.default\">\n\t\t\t\t\t\t\t\t\t\t\t\t\t\t\t<img decoding=\"async\" src=\"https:\/\/staging-n.smbgrup.com\/wp-content\/plugins\/elementor\/assets\/images\/placeholder.png\" title=\"\" alt=\"\" loading=\"lazy\" \/>\t\t\t\t\t\t\t\t\t\t\t\t\t\t\t<\/div>\n\t\t\t\t<\/div>\n\t\t\t\t<\/div>\n\t\t\t\t\t<\/div>\n\t\t\t\t<\/div>\n\t\t<div class=\"elementor-element elementor-element-20e2493 e-flex e-con-boxed e-con e-parent\" data-id=\"20e2493\" data-element_type=\"container\" data-e-type=\"container\">\n\t\t\t\t\t<div class=\"e-con-inner\">\n\t\t<div class=\"elementor-element elementor-element-25befa6 e-con-full e-flex e-con e-child\" data-id=\"25befa6\" data-element_type=\"container\" data-e-type=\"container\">\n\t\t\t\t<div class=\"elementor-element elementor-element-385ee61 elementor-position-top elementor-widget elementor-widget-image-box\" data-id=\"385ee61\" data-element_type=\"widget\" data-e-type=\"widget\" data-widget_type=\"image-box.default\">\n\t\t\t\t\t<div class=\"elementor-image-box-wrapper\"><figure class=\"elementor-image-box-img\"><img decoding=\"async\" src=\"https:\/\/staging-n.smbgrup.com\/wp-content\/plugins\/elementor\/assets\/images\/placeholder.png\" title=\"\" alt=\"\" loading=\"lazy\" \/><\/figure><div class=\"elementor-image-box-content\"><h5 class=\"elementor-image-box-title\">KAYRAM<\/h5><p class=\"elementor-image-box-description\">Temizlik ve ki\u015fisel bak\u0131m kategorisinde distrib\u00fct\u00f6rl\u00fck yap\u0131lanmas\u0131d\u0131r.<\/p><\/div><\/div>\t\t\t\t<\/div>\n\t\t<div class=\"elementor-element elementor-element-131a9ba e-con-full e-flex e-con e-child\" data-id=\"131a9ba\" data-element_type=\"container\" data-e-type=\"container\">\n\t\t\t\t<div class=\"elementor-element elementor-element-0f9b0d6 elementor-widget elementor-widget-heading\" data-id=\"0f9b0d6\" data-element_type=\"widget\" data-e-type=\"widget\" data-widget_type=\"heading.default\">\n\t\t\t\t\t<h6 class=\"elementor-heading-title elementor-size-default\">\u0130\u015f Birlikleri\u200b<\/h6>\t\t\t\t<\/div>\n\t\t\t\t<div class=\"elementor-element elementor-element-2364453 elementor-widget__width-initial elementor-widget elementor-widget-image\" data-id=\"2364453\" data-element_type=\"widget\" data-e-type=\"widget\" data-widget_type=\"image.default\">\n\t\t\t\t\t\t\t\t\t\t\t\t\t\t\t<img decoding=\"async\" src=\"https:\/\/staging-n.smbgrup.com\/wp-content\/plugins\/elementor\/assets\/images\/placeholder.png\" title=\"\" alt=\"\" loading=\"lazy\" \/>\t\t\t\t\t\t\t\t\t\t\t\t\t\t\t<\/div>\n\t\t\t\t<\/div>\n\t\t\t\t<\/div>\n\t\t<div class=\"elementor-element elementor-element-743f8c4 e-con-full e-flex e-con e-child\" data-id=\"743f8c4\" data-element_type=\"container\" data-e-type=\"container\">\n\t\t\t\t<div class=\"elementor-element elementor-element-e7b5abf elementor-position-top elementor-widget elementor-widget-image-box\" data-id=\"e7b5abf\" data-element_type=\"widget\" data-e-type=\"widget\" data-widget_type=\"image-box.default\">\n\t\t\t\t\t<div class=\"elementor-image-box-wrapper\"><figure class=\"elementor-image-box-img\"><img decoding=\"async\" src=\"https:\/\/staging-n.smbgrup.com\/wp-content\/plugins\/elementor\/assets\/images\/placeholder.png\" title=\"\" alt=\"\" loading=\"lazy\" \/><\/figure><div class=\"elementor-image-box-content\"><h5 class=\"elementor-image-box-title\">SMB PETROL<\/h5><p class=\"elementor-image-box-description\">Otomotiv enerji \u00e7\u00f6z\u00fcmleri alan\u0131nda distrib\u00fct\u00f6rl\u00fck faaliyetleri y\u00fcr\u00fctmektedir.<\/p><\/div><\/div>\t\t\t\t<\/div>\n\t\t<div class=\"elementor-element elementor-element-056e5a9 e-con-full e-flex e-con e-child\" data-id=\"056e5a9\" data-element_type=\"container\" data-e-type=\"container\">\n\t\t\t\t<div class=\"elementor-element elementor-element-6c0dfbe elementor-widget elementor-widget-heading\" data-id=\"6c0dfbe\" data-element_type=\"widget\" data-e-type=\"widget\" data-widget_type=\"heading.default\">\n\t\t\t\t\t<h6 class=\"elementor-heading-title elementor-size-default\">\u0130\u015f Birlikleri\u200b<\/h6>\t\t\t\t<\/div>\n\t\t\t\t<div class=\"elementor-element elementor-element-abe37be elementor-widget__width-initial elementor-widget elementor-widget-image\" data-id=\"abe37be\" data-element_type=\"widget\" data-e-type=\"widget\" data-widget_type=\"image.default\">\n\t\t\t\t\t\t\t\t\t\t\t\t\t\t\t<img decoding=\"async\" src=\"https:\/\/staging-n.smbgrup.com\/wp-content\/plugins\/elementor\/assets\/images\/placeholder.png\" title=\"\" alt=\"\" loading=\"lazy\" \/>\t\t\t\t\t\t\t\t\t\t\t\t\t\t\t<\/div>\n\t\t\t\t<\/div>\n\t\t\t\t<\/div>\n\t\t<div class=\"elementor-element elementor-element-8daa2b8 e-con-full e-flex e-con e-child\" data-id=\"8daa2b8\" data-element_type=\"container\" data-e-type=\"container\">\n\t\t\t\t<div class=\"elementor-element elementor-element-7df7c84 elementor-position-top elementor-widget elementor-widget-image-box\" data-id=\"7df7c84\" data-element_type=\"widget\" data-e-type=\"widget\" data-widget_type=\"image-box.default\">\n\t\t\t\t\t<div class=\"elementor-image-box-wrapper\"><figure class=\"elementor-image-box-img\"><img decoding=\"async\" src=\"https:\/\/staging-n.smbgrup.com\/wp-content\/plugins\/elementor\/assets\/images\/placeholder.png\" title=\"\" alt=\"\" loading=\"lazy\" \/><\/figure><div class=\"elementor-image-box-content\"><h5 class=\"elementor-image-box-title\">SMB ELEN<\/h5><p class=\"elementor-image-box-description\">Unlu mamuller ve i\u00e7ecek kategorilerinde b\u00f6lgesel distrib\u00fct\u00f6rl\u00fck yap\u0131lanmas\u0131d\u0131r.<\/p><\/div><\/div>\t\t\t\t<\/div>\n\t\t<div class=\"elementor-element elementor-element-43fa6bb e-con-full e-flex e-con e-child\" data-id=\"43fa6bb\" data-element_type=\"container\" data-e-type=\"container\">\n\t\t\t\t<div class=\"elementor-element elementor-element-9a821ac elementor-widget elementor-widget-heading\" data-id=\"9a821ac\" data-element_type=\"widget\" data-e-type=\"widget\" data-widget_type=\"heading.default\">\n\t\t\t\t\t<h6 class=\"elementor-heading-title elementor-size-default\">\u0130\u015f Birlikleri\u200b<\/h6>\t\t\t\t<\/div>\n\t\t\t\t<div class=\"elementor-element elementor-element-60b8bc6 elementor-widget__width-initial elementor-widget elementor-widget-image\" data-id=\"60b8bc6\" data-element_type=\"widget\" data-e-type=\"widget\" data-widget_type=\"image.default\">\n\t\t\t\t\t\t\t\t\t\t\t\t\t\t\t<img decoding=\"async\" src=\"https:\/\/staging-n.smbgrup.com\/wp-content\/plugins\/elementor\/assets\/images\/placeholder.png\" title=\"\" alt=\"\" loading=\"lazy\" \/>\t\t\t\t\t\t\t\t\t\t\t\t\t\t\t<\/div>\n\t\t\t\t<\/div>\n\t\t\t\t<\/div>\n\t\t\t\t\t<\/div>\n\t\t\t\t<\/div>\n\t\t\t\t<\/div>\n\t\t","protected":false},"excerpt":{"rendered":"<p>MARKALARIMIZ &amp; \u0130\u015e B\u0130RL\u0130KLER\u0130M\u0130Z Markalar\u0131m\u0131z Temsil edilen markalar ile uzun vadeli i\u015f birlikleri kuran SMB Grup; ulusal ve uluslararas\u0131 markalar\u0131n saha operasyonlar\u0131n\u0131 ve kanal y\u00f6netimini y\u00fcr\u00fctmektedir.\u00a0 SMB GIDA SMB G\u0131da, Yerel ve ulusal zincir market kanallar\u0131nda saha operasyonu, depo y\u00f6netimi ve lojistik s\u00fcre\u00e7lerini entegre \u015fekilde y\u00fcr\u00fctmektedir. \u0130\u015f Birlikleri ALTANER Altaner G\u0131da, h\u0131zl\u0131 t\u00fcketim \u00fcr\u00fcnleri kategorisinde [&hellip;]<\/p>\n","protected":false},"author":1,"featured_media":0,"parent":0,"menu_order":0,"comment_status":"closed","ping_status":"closed","template":"elementor_header_footer","meta":{"footnotes":""},"class_list":["post-212","page","type-page","status-publish","hentry"],"_links":{"self":[{"href":"https:\/\/staging-n.smbgrup.com\/index.php?rest_route=\/wp\/v2\/pages\/212","targetHints":{"allow":["GET"]}}],"collection":[{"href":"https:\/\/staging-n.smbgrup.com\/index.php?rest_route=\/wp\/v2\/pages"}],"about":[{"href":"https:\/\/staging-n.smbgrup.com\/index.php?rest_route=\/wp\/v2\/types\/page"}],"author":[{"embeddable":true,"href":"https:\/\/staging-n.smbgrup.com\/index.php?rest_route=\/wp\/v2\/users\/1"}],"replies":[{"embeddable":true,"href":"https:\/\/staging-n.smbgrup.com\/index.php?rest_route=%2Fwp%2Fv2%2Fcomments&post=212"}],"version-history":[{"count":10,"href":"https:\/\/staging-n.smbgrup.com\/index.php?rest_route=\/wp\/v2\/pages\/212\/revisions"}],"predecessor-version":[{"id":456,"href":"https:\/\/staging-n.smbgrup.com\/index.php?rest_route=\/wp\/v2\/pages\/212\/revisions\/456"}],"wp:attachment":[{"href":"https:\/\/staging-n.smbgrup.com\/index.php?rest_route=%2Fwp%2Fv2%2Fmedia&parent=212"}],"curies":[{"name":"wp","href":"https:\/\/api.w.org\/{rel}","templated":true}]}}